{"id":17,"date":"2020-04-30T14:21:18","date_gmt":"2020-04-30T14:21:18","guid":{"rendered":"http:\/\/netlive.de\/?page_id=17"},"modified":"2025-10-28T11:33:29","modified_gmt":"2025-10-28T11:33:29","slug":"impressum","status":"publish","type":"page","link":"https:\/\/netlive.de\/?page_id=17","title":{"rendered":"Impressum"},"content":{"rendered":"<h2><strong>Impressum<\/strong><\/h2>\n<p><strong>Angaben gem\u00e4\u00df \u00a7 5 TMG<\/strong><\/p>\n<p><img loading=\"lazy\" decoding=\"async\" class=\"alignnone  wp-image-27\" src=\"http:\/\/netlive.de\/wp-content\/uploads\/netlife_Impressum.jpg\" alt=\"\" width=\"152\" height=\"104\" \/><\/p>\n<p>Diese Webseite dient ausschlie\u00dflich privaten, nicht-kommerziellen Zwecken. Es werden keine redaktionellen Inhalte, Werbung oder Affiliate-Links ver\u00f6ffentlicht.<\/p>\n<hr \/>\n<h2><strong>Haftungsausschluss (Disclaimer)<\/strong><\/h2>\n<h3>\u00a7 1 Inhalte dieser Webseite<\/h3>\n<p>Die Inhalte dieser Webseite wurden mit gr\u00f6\u00dftm\u00f6glicher Sorgfalt erstellt. Der Anbieter \u00fcbernimmt jedoch keine Gew\u00e4hr f\u00fcr die Richtigkeit, Vollst\u00e4ndigkeit und Aktualit\u00e4t der bereitgestellten Informationen. Die Nutzung der Inhalte der Webseite erfolgt auf eigene Gefahr des Nutzers.<\/p>\n<h3>\u00a7 2 Externe Links<\/h3>\n<p>Diese Webseite enth\u00e4lt Verkn\u00fcpfungen zu externen Webseiten Dritter. F\u00fcr die Inhalte dieser externen Webseiten ist stets der jeweilige Anbieter oder Betreiber verantwortlich. Bei Bekanntwerden von Rechtsverletzungen werden derartige Links umgehend entfernt.<\/p>\n<h3>\u00a7 3 Urheberrecht<\/h3>\n<p>Die auf dieser Webseite ver\u00f6ffentlichten Inhalte und Werke unterliegen dem deutschen Urheberrecht. Die Vervielf\u00e4ltigung, Bearbeitung, Verbreitung und jede Art der Verwertung au\u00dferhalb der Grenzen des Urheberrechts bed\u00fcrfen der schriftlichen Zustimmung des jeweiligen Autors bzw. Erstellers.<\/p>\n<h3>\u00a7 4 Keine kommerzielle Nutzung<\/h3>\n<p>Diese Webseite verfolgt keine kommerziellen Zwecke. Es werden keine Produkte oder Dienstleistungen angeboten oder beworben.<\/p>\n<p>Quelle: <a href=\"https:\/\/www.juraforum.de\/impressum-generator\/\">Impressum Vorlage von JuraForum.de<\/a><\/p>\n","protected":false},"excerpt":{"rendered":"<p>Impressum Angaben gem\u00e4\u00df \u00a7 5 TMG Diese Webseite dient ausschlie\u00dflich privaten, nicht-kommerziellen Zwecken. Es werden keine redaktionellen Inhalte, Werbung oder Affiliate-Links ver\u00f6ffentlicht. Haftungsausschluss (Disclaimer) \u00a7 1 Inhalte dieser Webseite Die Inhalte dieser Webseite wurden mit gr\u00f6\u00dftm\u00f6glicher Sorgfalt erstellt. Der Anbieter \u00fcbernimmt jedoch keine Gew\u00e4hr f\u00fcr die Richtigkeit, Vollst\u00e4ndigkeit und Aktualit\u00e4t der bereitgestellten Informationen. Die Nutzung der Inhalte der Webseite erfolgt auf eigene Gefahr des Nutzers. \u00a7 2 Externe Links Diese&hellip;<\/p>\n","protected":false},"author":1,"featured_media":0,"parent":0,"menu_order":0,"comment_status":"closed","ping_status":"closed","template":"","meta":{"footnotes":""},"class_list":["post-17","page","type-page","status-publish","hentry"],"_links":{"self":[{"href":"https:\/\/netlive.de\/index.php?rest_route=\/wp\/v2\/pages\/17","targetHints":{"allow":["GET"]}}],"collection":[{"href":"https:\/\/netlive.de\/index.php?rest_route=\/wp\/v2\/pages"}],"about":[{"href":"https:\/\/netlive.de\/index.php?rest_route=\/wp\/v2\/types\/page"}],"author":[{"embeddable":true,"href":"https:\/\/netlive.de\/index.php?rest_route=\/wp\/v2\/users\/1"}],"replies":[{"embeddable":true,"href":"https:\/\/netlive.de\/index.php?rest_route=%2Fwp%2Fv2%2Fcomments&post=17"}],"version-history":[{"count":6,"href":"https:\/\/netlive.de\/index.php?rest_route=\/wp\/v2\/pages\/17\/revisions"}],"predecessor-version":[{"id":29,"href":"https:\/\/netlive.de\/index.php?rest_route=\/wp\/v2\/pages\/17\/revisions\/29"}],"wp:attachment":[{"href":"https:\/\/netlive.de\/index.php?rest_route=%2Fwp%2Fv2%2Fmedia&parent=17"}],"curies":[{"name":"wp","href":"https:\/\/api.w.org\/{rel}","templated":true}]}}